{"id":3461,"date":"2025-04-13T05:00:07","date_gmt":"2025-04-13T09:00:07","guid":{"rendered":"https:\/\/tostonhousemiami.com\/product\/toston-m\/"},"modified":"2025-09-03T14:13:20","modified_gmt":"2025-09-03T18:13:20","slug":"toston-m","status":"publish","type":"product","link":"https:\/\/tostonhousemiami.com\/en\/product\/toston-m\/","title":{"rendered":"Tost\u00f3n M"},"content":{"rendered":"<h5><span style=\"color: #404040;\">Our medium tostones <\/span><span style=\"color: #404040;\">are perfect to enjoy on their own or with your favorite dishes.<\/span><\/h5>\n<h2><span style=\"color: #428445;\"><strong>Ingredients:<\/strong> <\/span><\/h2>\n<h5><span style=\"color: #404040;\">Plantain and vegetal oil.<\/span><\/h5>\n<h2><span style=\"color: #428445;\"><strong>Preparation:<\/strong> <\/span><\/h2>\n<h5><span style=\"color: #404040;\">Pre-cooked product, free of preservatives. You can fry it, bake it, or air fry it.<\/span><\/h5>\n<p>&nbsp;<\/p>","protected":false},"excerpt":{"rendered":"<p>Nuestros tostones M son ideales para disfrutar solos o acompa\u00f1ados de tus recetas favoritas. Ingredientes: Pl\u00e1tano y aceite vegetal. Preparaci\u00f3n: Producto precocido, sin conservantes, lo puedes fre\u00edr, hornear o poner en el air fryer. &nbsp;<\/p>","protected":false},"featured_media":3478,"comment_status":"open","ping_status":"closed","template":"","meta":{"_joinchat":[]},"product_brand":[],"product_cat":[209,205],"product_tag":[195,196],"class_list":{"0":"post-3461","1":"product","2":"type-product","3":"status-publish","4":"has-post-thumbnail","6":"product_cat-tamano-m","7":"product_cat-todos","8":"product_tag-m","9":"product_tag-tamano-m","11":"first","12":"instock","13":"shipping-taxable","14":"purchasable","15":"product-type-variable"},"aioseo_notices":[],"_links":{"self":[{"href":"https:\/\/tostonhousemiami.com\/en\/wp-json\/wp\/v2\/product\/3461","targetHints":{"allow":["GET"]}}],"collection":[{"href":"https:\/\/tostonhousemiami.com\/en\/wp-json\/wp\/v2\/product"}],"about":[{"href":"https:\/\/tostonhousemiami.com\/en\/wp-json\/wp\/v2\/types\/product"}],"replies":[{"embeddable":true,"href":"https:\/\/tostonhousemiami.com\/en\/wp-json\/wp\/v2\/comments?post=3461"}],"wp:featuredmedia":[{"embeddable":true,"href":"https:\/\/tostonhousemiami.com\/en\/wp-json\/wp\/v2\/media\/3478"}],"wp:attachment":[{"href":"https:\/\/tostonhousemiami.com\/en\/wp-json\/wp\/v2\/media?parent=3461"}],"wp:term":[{"taxonomy":"product_brand","embeddable":true,"href":"https:\/\/tostonhousemiami.com\/en\/wp-json\/wp\/v2\/product_brand?post=3461"},{"taxonomy":"product_cat","embeddable":true,"href":"https:\/\/tostonhousemiami.com\/en\/wp-json\/wp\/v2\/product_cat?post=3461"},{"taxonomy":"product_tag","embeddable":true,"href":"https:\/\/tostonhousemiami.com\/en\/wp-json\/wp\/v2\/product_tag?post=3461"}],"curies":[{"name":"wp","href":"https:\/\/api.w.org\/{rel}","templated":true}]}}