{"id":3453,"date":"2025-04-12T05:00:02","date_gmt":"2025-04-12T09:00:02","guid":{"rendered":"https:\/\/tostonhousemiami.com\/product\/toston-coctel\/"},"modified":"2025-08-13T16:49:07","modified_gmt":"2025-08-13T20:49:07","slug":"toston-coctel","status":"publish","type":"product","link":"https:\/\/tostonhousemiami.com\/en\/product\/toston-coctel\/","title":{"rendered":"Tost\u00f3n Coctel"},"content":{"rendered":"<h5><span style=\"color: #404040;\">Our Cocktail Tostones <\/span><span style=\"color: #404040;\">are perfect to enjoy on their own or with your favorite dishes.<\/span><\/h5>\n<h2><span style=\"color: #428445;\"><strong>Ingredients:<\/strong> <\/span><\/h2>\n<h5><span style=\"color: #404040;\">Plantain and vegetal oil.<\/span><\/h5>\n<h2><span style=\"color: #428445;\"><strong>Preparation:<\/strong> <\/span><\/h2>\n<h5><span style=\"color: #404040;\">Pre-cooked product, free of preservatives. You can fry it, bake it, or air fry it.<\/span><\/h5>\n<p>&nbsp;<\/p>","protected":false},"excerpt":{"rendered":"<p>Nuestros tostones Coctel son ideales para disfrutar solos o acompa\u00f1ados de tus recetas favoritas. Ingredientes: Pl\u00e1tano y aceite vegetal. Preparaci\u00f3n: Producto precocido, sin conservantes, lo puedes fre\u00edr, hornear o poner en el air fryer. &nbsp;<\/p>","protected":false},"featured_media":3474,"comment_status":"open","ping_status":"closed","template":"","meta":{"_joinchat":[]},"product_brand":[],"product_cat":[207,205],"product_tag":[198],"class_list":{"0":"post-3453","1":"product","2":"type-product","3":"status-publish","4":"has-post-thumbnail","6":"product_cat-coctel","7":"product_cat-todos","8":"product_tag-coctel","10":"first","11":"instock","12":"shipping-taxable","13":"purchasable","14":"product-type-variable"},"aioseo_notices":[],"_links":{"self":[{"href":"https:\/\/tostonhousemiami.com\/en\/wp-json\/wp\/v2\/product\/3453","targetHints":{"allow":["GET"]}}],"collection":[{"href":"https:\/\/tostonhousemiami.com\/en\/wp-json\/wp\/v2\/product"}],"about":[{"href":"https:\/\/tostonhousemiami.com\/en\/wp-json\/wp\/v2\/types\/product"}],"replies":[{"embeddable":true,"href":"https:\/\/tostonhousemiami.com\/en\/wp-json\/wp\/v2\/comments?post=3453"}],"wp:featuredmedia":[{"embeddable":true,"href":"https:\/\/tostonhousemiami.com\/en\/wp-json\/wp\/v2\/media\/3474"}],"wp:attachment":[{"href":"https:\/\/tostonhousemiami.com\/en\/wp-json\/wp\/v2\/media?parent=3453"}],"wp:term":[{"taxonomy":"product_brand","embeddable":true,"href":"https:\/\/tostonhousemiami.com\/en\/wp-json\/wp\/v2\/product_brand?post=3453"},{"taxonomy":"product_cat","embeddable":true,"href":"https:\/\/tostonhousemiami.com\/en\/wp-json\/wp\/v2\/product_cat?post=3453"},{"taxonomy":"product_tag","embeddable":true,"href":"https:\/\/tostonhousemiami.com\/en\/wp-json\/wp\/v2\/product_tag?post=3453"}],"curies":[{"name":"wp","href":"https:\/\/api.w.org\/{rel}","templated":true}]}}