{"id":3577,"date":"2025-04-23T09:04:37","date_gmt":"2025-04-23T13:04:37","guid":{"rendered":"https:\/\/tostonhousemiami.com\/?page_id=3577"},"modified":"2025-05-16T18:21:54","modified_gmt":"2025-05-16T22:21:54","slug":"nosotros-2","status":"publish","type":"page","link":"https:\/\/tostonhousemiami.com\/en\/nosotros-2\/","title":{"rendered":"Nosotros"},"content":{"rendered":"<div data-elementor-type=\"wp-page\" data-elementor-id=\"3577\" class=\"elementor elementor-3577\" data-elementor-post-type=\"page\">\n\t\t\t\t<div class=\"elementor-element elementor-element-45bc6a5 e-flex e-con-boxed e-con e-parent\" data-id=\"45bc6a5\" data-element_type=\"container\">\n\t\t\t\t\t<div class=\"e-con-inner\">\n\t\t<div class=\"elementor-element elementor-element-9a0d2ae e-con-full e-flex e-con e-child\" data-id=\"9a0d2ae\" data-element_type=\"container\">\n\t\t\t\t<div class=\"elementor-element elementor-element-99002b0 elementor-widget elementor-widget-image\" data-id=\"99002b0\" data-element_type=\"widget\" data-widget_type=\"image.default\">\n\t\t\t\t<div class=\"elementor-widget-container\">\n\t\t\t\t\t\t\t\t\t\t\t\t\t\t\t<img fetchpriority=\"high\" decoding=\"async\" width=\"518\" height=\"518\" src=\"https:\/\/tostonhousemiami.com\/wp-content\/uploads\/2025\/04\/PALMERA_452137df-c28c-498c-afa4-84df2ef19bcc.gif\" class=\"attachment-large size-large wp-image-3580\" alt=\"\" \/>\t\t\t\t\t\t\t\t\t\t\t\t\t\t\t<\/div>\n\t\t\t\t<\/div>\n\t\t\t\t<\/div>\n\t\t<div class=\"elementor-element elementor-element-2764f1f e-con-full e-flex e-con e-child\" data-id=\"2764f1f\" data-element_type=\"container\">\n\t\t\t\t<div class=\"elementor-element elementor-element-788de09 elementor-widget elementor-widget-heading\" data-id=\"788de09\" data-element_type=\"widget\" data-widget_type=\"heading.default\">\n\t\t\t\t<div class=\"elementor-widget-container\">\n\t\t\t\t\t<h2 class=\"elementor-heading-title elementor-size-default\">TOST\u00d3N HOUSE<\/h2>\t\t\t\t<\/div>\n\t\t\t\t<\/div>\n\t\t\t\t<div class=\"elementor-element elementor-element-b3417ed elementor-widget elementor-widget-text-editor\" data-id=\"b3417ed\" data-element_type=\"widget\" data-widget_type=\"text-editor.default\">\n\t\t\t\t<div class=\"elementor-widget-container\">\n\t\t\t\t\t\t\t\t\t<p>Tost\u00f3n house <strong>was born in 2022<\/strong> from the need to create something completely new and innovative in the market, giving many visionaries the opportunity to create their own recipes always paired with a tostone.<span style=\"font-size: 1rem;\">\u00a0<\/span><\/p><p>We\u2019re plantain lovers, and we wanted to modernize the way it\u2019s enjoyed by preparing it in different sizes and thicknesses to make a bigger impact.<\/p><p>Add them to your favorite dishes or enjoy them on their own and discover why they\u2019re a snack loved by everyone.<\/p>\t\t\t\t\t\t\t\t<\/div>\n\t\t\t\t<\/div>\n\t\t\t\t<\/div>\n\t\t\t\t\t<\/div>\n\t\t\t\t<\/div>\n\t\t<div class=\"elementor-element elementor-element-1bfa374 e-con-full e-flex e-con e-parent\" data-id=\"1bfa374\" data-element_type=\"container\">\n\t\t\t\t<div class=\"elementor-element elementor-element-b9518f0 elementor-widget elementor-widget-image\" data-id=\"b9518f0\" data-element_type=\"widget\" data-widget_type=\"image.default\">\n\t\t\t\t<div class=\"elementor-widget-container\">\n\t\t\t\t\t\t\t\t\t\t\t\t\t\t\t<img decoding=\"async\" width=\"1960\" height=\"1056\" src=\"https:\/\/tostonhousemiami.com\/wp-content\/uploads\/2025\/04\/JTBEOU5DTRARNM3XC3W7S7L2VM-1_0293a882-840c-4e2d-b416-fbb7b950935a.jpg\" class=\"attachment-full size-full wp-image-3579\" alt=\"\" srcset=\"https:\/\/tostonhousemiami.com\/wp-content\/uploads\/2025\/04\/JTBEOU5DTRARNM3XC3W7S7L2VM-1_0293a882-840c-4e2d-b416-fbb7b950935a.jpg 1960w, https:\/\/tostonhousemiami.com\/wp-content\/uploads\/2025\/04\/JTBEOU5DTRARNM3XC3W7S7L2VM-1_0293a882-840c-4e2d-b416-fbb7b950935a-300x162.jpg 300w, https:\/\/tostonhousemiami.com\/wp-content\/uploads\/2025\/04\/JTBEOU5DTRARNM3XC3W7S7L2VM-1_0293a882-840c-4e2d-b416-fbb7b950935a-1024x552.jpg 1024w, https:\/\/tostonhousemiami.com\/wp-content\/uploads\/2025\/04\/JTBEOU5DTRARNM3XC3W7S7L2VM-1_0293a882-840c-4e2d-b416-fbb7b950935a-768x414.jpg 768w, https:\/\/tostonhousemiami.com\/wp-content\/uploads\/2025\/04\/JTBEOU5DTRARNM3XC3W7S7L2VM-1_0293a882-840c-4e2d-b416-fbb7b950935a-1536x828.jpg 1536w, https:\/\/tostonhousemiami.com\/wp-content\/uploads\/2025\/04\/JTBEOU5DTRARNM3XC3W7S7L2VM-1_0293a882-840c-4e2d-b416-fbb7b950935a-400x216.jpg 400w, https:\/\/tostonhousemiami.com\/wp-content\/uploads\/2025\/04\/JTBEOU5DTRARNM3XC3W7S7L2VM-1_0293a882-840c-4e2d-b416-fbb7b950935a-600x323.jpg 600w\" sizes=\"(max-width: 1960px) 100vw, 1960px\" \/>\t\t\t\t\t\t\t\t\t\t\t\t\t\t\t<\/div>\n\t\t\t\t<\/div>\n\t\t\t\t<\/div>\n\t\t<div class=\"elementor-element elementor-element-5e91f89 e-flex e-con-boxed e-con e-parent\" data-id=\"5e91f89\" data-element_type=\"container\" data-settings=\"{&quot;background_background&quot;:&quot;classic&quot;}\">\n\t\t\t\t\t<div class=\"e-con-inner\">\n\t\t\t\t<div class=\"elementor-element elementor-element-a2fc31d elementor-widget elementor-widget-heading\" data-id=\"a2fc31d\" data-element_type=\"widget\" data-widget_type=\"heading.default\">\n\t\t\t\t<div class=\"elementor-widget-container\">\n\t\t\t\t\t<h2 class=\"elementor-heading-title elementor-size-default\">BENEFITS OF GREEN PLANTAIN<\/h2>\t\t\t\t<\/div>\n\t\t\t\t<\/div>\n\t\t\t\t<div class=\"elementor-element elementor-element-be5c5f2 elementor-widget elementor-widget-text-editor\" data-id=\"be5c5f2\" data-element_type=\"widget\" data-widget_type=\"text-editor.default\">\n\t\t\t\t<div class=\"elementor-widget-container\">\n\t\t\t\t\t\t\t\t\t<h5><span style=\"color: #404040;\"><\/span><span style=\"color: #404040;\">Green plantain is a powerful source of nutrition you can\u2019t ignore. Did you know it\u2019s rich in vitamin B6, essential for maintaining proper neurological function? Plus, its low glycemic index makes it the perfect ally for keeping blood sugar levels stable.\n<h5><span style=\"color: #404040;\"><\/span><span style=\"color: #404040;\">But that\u2019s not all\u2026 green plantain is also an excellent source of fiber and essential nutrients for your body. And what about its impact on cardiovascular health? Thanks to its high potassium content, it can significantly support a strong and healthy heart.\nWe love offering you the perfect combination of tradition and flavor in every bite. Don\u2019t wait any longer to enjoy our delicious tostones order yours today!<\/span><\/h5>\t\t\t\t\t\t\t\t<\/div>\n\t\t\t\t<\/div>\n\t\t\t\t\t<\/div>\n\t\t\t\t<\/div>\n\t\t\t\t<\/div>","protected":false},"excerpt":{"rendered":"<p>TOST\u00d3N HOUSE Tost\u00f3n house nace en el 2022 a partir de la necesidad de crear algo totalmente nuevo e innovador en el mercado, d\u00e1ndole la oportunidad a muchos visionarios a crear sus propias recetas acompa\u00f1ado de un toston.\u00a0 Somos aficionados al pl\u00e1tano y quisimos modernizar la manera de consumirlo , prepar\u00e1ndolo de diferentes tama\u00f1os y [&hellip;]<\/p>","protected":false},"author":2682,"featured_media":0,"parent":0,"menu_order":0,"comment_status":"closed","ping_status":"closed","template":"elementor_header_footer","meta":{"_joinchat":[],"footnotes":""},"class_list":["post-3577","page","type-page","status-publish","hentry"],"aioseo_notices":[],"_links":{"self":[{"href":"https:\/\/tostonhousemiami.com\/en\/wp-json\/wp\/v2\/pages\/3577","targetHints":{"allow":["GET"]}}],"collection":[{"href":"https:\/\/tostonhousemiami.com\/en\/wp-json\/wp\/v2\/pages"}],"about":[{"href":"https:\/\/tostonhousemiami.com\/en\/wp-json\/wp\/v2\/types\/page"}],"author":[{"embeddable":true,"href":"https:\/\/tostonhousemiami.com\/en\/wp-json\/wp\/v2\/users\/2682"}],"replies":[{"embeddable":true,"href":"https:\/\/tostonhousemiami.com\/en\/wp-json\/wp\/v2\/comments?post=3577"}],"version-history":[{"count":25,"href":"https:\/\/tostonhousemiami.com\/en\/wp-json\/wp\/v2\/pages\/3577\/revisions"}],"predecessor-version":[{"id":3929,"href":"https:\/\/tostonhousemiami.com\/en\/wp-json\/wp\/v2\/pages\/3577\/revisions\/3929"}],"wp:attachment":[{"href":"https:\/\/tostonhousemiami.com\/en\/wp-json\/wp\/v2\/media?parent=3577"}],"curies":[{"name":"wp","href":"https:\/\/api.w.org\/{rel}","templated":true}]}}