{"id":3,"date":"2025-03-19T10:35:07","date_gmt":"2025-03-19T10:35:07","guid":{"rendered":"https:\/\/tostonhousemiami.com\/?page_id=3"},"modified":"2025-03-23T19:23:15","modified_gmt":"2025-03-24T00:23:15","slug":"politica-de-privacidad-2","status":"publish","type":"page","link":"https:\/\/tostonhousemiami.com\/en\/politica-de-privacidad-2\/","title":{"rendered":"Politica de privacidad"},"content":{"rendered":"<div data-elementor-type=\"wp-page\" data-elementor-id=\"3\" class=\"elementor elementor-3\" data-elementor-post-type=\"page\">\n\t\t\t\t<div class=\"elementor-element elementor-element-6f2593c e-flex e-con-boxed e-con e-parent\" data-id=\"6f2593c\" data-element_type=\"container\">\n\t\t\t\t\t<div class=\"e-con-inner\">\n\t\t\t\t<div class=\"elementor-element elementor-element-c54f5b4 elementor-widget elementor-widget-text-editor\" data-id=\"c54f5b4\" data-element_type=\"widget\" data-widget_type=\"text-editor.default\">\n\t\t\t\t<div class=\"elementor-widget-container\">\n\t\t\t\t\t\t\t\t\t<p><strong>POL\u00cdTICA DE PRIVACIDAD SMARTBUY<\/strong><\/p>\n<p><strong>T\u00e9rminos y Condiciones<\/strong><\/p>\n<p>El presente documento contiene el acuerdo de los T\u00e9rminos y Condiciones aplicables para todas las personas naturales o jur\u00eddicas, nacionales o extranjeras que accedan y utilicen los servicios prestados por SMARTBUYCO S.A. o que hagan uso de su p\u00e1gina web: <a href=\"http:\/\/www.smartbuyecuador.com\/\" rel=\"noopener\">www.smartbuyecuador.com<\/a>.<\/p>\n<p><strong>Condiciones Generales<\/strong><\/p>\n<p>Todo uso, acceso y transacciones de los USUARIOS en la p\u00e1gina web generan obligaciones jur\u00eddicas por los servicios prestados por SMARTBUYCO S.A. y se rigen por las POL\u00cdTICAS. El USUARIO acepta expresamente los T\u00c9RMINOS Y CONDICIONES al momento de realizar su COMPRA o utilizar la P\u00c1GINA WEB.<\/p>\n<p><strong>Capacidad para Contratar<\/strong><\/p>\n<p>Los servicios prestados por SMARTBUYCO S.A. a trav\u00e9s de la p\u00e1gina web deben ser utilizados exclusivamente por personas con capacidad legal para contratar y obligarse a cumplir con las pol\u00edticas. El uso de dichos servicios por personas que no cuenten con esta capacidad ser\u00e1 de exclusiva responsabilidad de sus padres, representantes, tutores o apoderados.<\/p>\n<p><strong>Protecci\u00f3n y Uso de Datos Personales por Parte de SMARTBUYCO S.A.<\/strong><\/p>\n<p>En atenci\u00f3n a los derechos consagrados en el art\u00edculo 66, numerales 19 y 92, de la Constituci\u00f3n de la Rep\u00fablica del Ecuador y en cumplimiento de lo dispuesto por la Ley Org\u00e1nica del Sistema Nacional de Registro de Datos P\u00fablicos, la Ley de Comercio Electr\u00f3nico, Firmas y Mensajes de Datos y dem\u00e1s normas relativas al tratamiento y protecci\u00f3n de datos personales, SMARTBUYCO S.A. le informa que sus datos personales ser\u00e1n incorporados y tratados en las bases de datos de Cliente y Facturaci\u00f3n Electr\u00f3nica, respetando y cuidando los derechos de privacidad, intimidad y confidencialidad que protegen al titular de estos, con el fin de prestarle y ofrecerle nuestros servicios y productos, as\u00ed como para informarle sobre novedades y nuevos proyectos en los que nos encontremos trabajando.<\/p>\n<p>Todos los datos personales obtenidos a trav\u00e9s de SMARTBUYCO S.A. ser\u00e1n protegidos, controlados y almacenados con el exclusivo fin de prestar asistencia al titular de esta informaci\u00f3n, si as\u00ed lo solicita, remitirle informaci\u00f3n relacionada con los productos y ofrecerle los diversos servicios y productos que presta SMARTBUYCO S.A.<\/p>\n<p>SMARTBUYCO S.A. garantiza que sus datos personales ser\u00e1n tratados de forma estrictamente confidencial, no se difundir\u00e1n sin su consentimiento o el de la ley, y permanecer\u00e1n en nuestras bases de datos mientras est\u00e9 vigente una relaci\u00f3n comercial o hasta que el titular solicite su eliminaci\u00f3n.<\/p>\n<p><strong>Base Legal para Utilizar Datos Personales y Ley Aplicable<\/strong><\/p>\n<p>El acceso y uso de estos datos est\u00e1n sujetos a las disposiciones aplicables de la legislaci\u00f3n ecuatoriana. Los datos personales recopilados por SMARTBUYCO S.A. son tratados en estricta aplicaci\u00f3n de la Constituci\u00f3n de la Rep\u00fablica del Ecuador, la Ley Org\u00e1nica de Protecci\u00f3n de Datos Personales, su Reglamento y toda la normativa secundaria emitida por la Autoridad de Protecci\u00f3n de Datos Personales en el Ecuador.<\/p>\n<p>En lo relacionado con el tratamiento de datos personales de ciudadanos extranjeros, se estar\u00e1 a lo dispuesto por la normativa internacional y\/o extranjera aplicable a la materia, en aplicaci\u00f3n del principio de favorabilidad para el titular, seg\u00fan cada caso.<\/p>\n<p><strong>\u00bfQu\u00e9 Son Datos Personales?<\/strong><\/p>\n<p>Se considera un dato personal cualquier tipo de informaci\u00f3n que puede identificar a una persona, directa o indirectamente (nombres, correo electr\u00f3nico, c\u00e9dula de identidad, etc.). De conformidad con la Ley Org\u00e1nica de Protecci\u00f3n de Datos Personales vigente en la Rep\u00fablica del Ecuador, el tratamiento de datos personales de los titulares debe realizarse de manera que se garanticen sus derechos legalmente reconocidos.<\/p>\n<p><strong>\u00bfQui\u00e9n Es el Responsable del Tratamiento de Mis Datos Personales?<\/strong><\/p>\n<p>SMARTBUYCO S.A., con domicilio en Luxemburgo N34-340 y Portugal, Quito, Ecuador, conforme a lo establecido en la Ley Org\u00e1nica de Protecci\u00f3n de Datos Personales, es el responsable del tratamiento de los datos personales objeto de este instrumento y pone a su disposici\u00f3n la presente pol\u00edtica de protecci\u00f3n y uso de datos personales, con el fin de llevar a cabo el tratamiento de sus datos personales y garantizar su derecho a la protecci\u00f3n de estos. Asimismo, le informamos que estos datos se encuentran almacenados en el software de nuestros proveedores inform\u00e1ticos cumpliendo con las normativas de seguridad y posteriormente son enviados al Servicio de Rentas Internas en cumplimiento de lo establecido en la Ley de Desarrollo Econ\u00f3mico. Los datos recogidos dentro de este sistema est\u00e1n protegidos por la cl\u00e1usula de confidencialidad entre los proveedores inform\u00e1ticos y SMARTBUYCO S.A., por lo que no podr\u00e1n ser divulgados, distribuidos ni reproducidos en forma alguna.<\/p>\n<p>De acuerdo con la ley mencionada, el cliente tiene derecho a ejercer los derechos establecidos en el cap\u00edtulo III de la Ley Org\u00e1nica de Protecci\u00f3n de Datos Personales (acceso, rectificaci\u00f3n, cancelaci\u00f3n, limitaci\u00f3n, oposici\u00f3n y portabilidad, entre otros) de manera gratuita.<\/p>\n<p>El presente instrumento ser\u00e1 aplicable a todo tratamiento de datos personales de clientes o terceros con los que SMARTBUYCO S.A. establezca o mantenga una relaci\u00f3n de oferta o prestaci\u00f3n de servicios y productos, entre otras.<\/p>\n<p><strong>\u00bfC\u00f3mo Recogen Mis Datos Personales?<\/strong><\/p>\n<p>Los datos que SMARTBUYCO S.A. tratar\u00e1 ser\u00e1n aquellos facilitados por el propio cliente para la solicitud y mantenimiento de la relaci\u00f3n contractual, as\u00ed como para la emisi\u00f3n de la factura resultante de la prestaci\u00f3n de servicios y productos o a trav\u00e9s de los datos proporcionados por la p\u00e1gina web.<\/p>\n<p>Cuando el cliente proporcione datos sobre terceros, incluyendo a quien asuma los pagos por los servicios y productos contratados, estos ser\u00e1n tratados dentro de la gesti\u00f3n de la solicitud y para el mantenimiento de la relaci\u00f3n contractual cuando esta se inicie.<\/p>\n<p>Al aceptar las presentes condiciones sobre el tratamiento de datos personales, consiente dicho tratamiento. El cliente declara que los datos son exactos y que ha procedido a informar a estos terceros de su contenido y de los correspondientes derechos en materia de Protecci\u00f3n de Datos que les asisten. No obstante, SMARTBUYCO S.A. pondr\u00e1 todos sus esfuerzos en actuar debidamente en relaci\u00f3n con el tratamiento de dichos terceros.<\/p>\n<p>Asimismo, los datos personales del cliente podr\u00e1n ser obtenidos a trav\u00e9s de terceras fuentes debidamente legitimadas, como agentes, asesores, entre otros, notificando sobre el origen de los datos de manera oportuna y dando expreso cumplimiento a lo establecido en la norma de protecci\u00f3n de datos personales, como por ejemplo: empresas que, con su consentimiento, nos transmitan su solicitud de informaci\u00f3n o contrataci\u00f3n de servicios y productos de SMARTBUYCO S.A.<\/p>\n<p>El cliente reconoce que la informaci\u00f3n proporcionada es completa, correcta y actualizada, y en caso de proporcionar informaci\u00f3n de terceros, reconoce que previamente obtuvo el consentimiento del responsable de estos para compartir sus datos personales.<\/p>\n<p><strong>\u00bfQu\u00e9 Datos Personales Est\u00e1n Siendo Tratados?<\/strong><\/p>\n<ul>\n<li>Datos personales no sensibles<\/li>\n<li>Datos identificativos (como nombres, apellidos, n\u00famero de c\u00e9dula, RUC, entre otros)<\/li>\n<li>Datos de contacto (como correo electr\u00f3nico, tel\u00e9fono fijo, tel\u00e9fono celular, direcci\u00f3n)<\/li>\n<li>Datos acad\u00e9micos y profesionales<\/li>\n<li>Datos econ\u00f3micos y financieros<\/li>\n<li>Informaci\u00f3n contractual, como datos derivados de los servicios y productos contratados<\/li>\n<\/ul>\n<p><strong>\u00bfC\u00f3mo y Por Qu\u00e9 Est\u00e1n Siendo Tratados Mis Datos Personales?<\/strong><\/p>\n<p>SMARTBUYCO S.A. tratar\u00e1 sus datos personales con las siguientes finalidades y bases de legitimaci\u00f3n:<\/p>\n<ul>\n<li>Para la formalizaci\u00f3n, desarrollo y ejecuci\u00f3n del contrato<\/li>\n<li>Para la prestaci\u00f3n de servicios<\/li>\n<li>Para la facturaci\u00f3n electr\u00f3nica<\/li>\n<li>Para el ofrecimiento y gesti\u00f3n de servicios y productos<\/li>\n<li>Para la investigaci\u00f3n relacionada con la prestaci\u00f3n de servicios y productos<\/li>\n<li>Para gestionar el acceso y uso de sus canales y herramientas digitales<\/li>\n<li>Para el cumplimiento de obligaciones que le correspondan<\/li>\n<li>Para el env\u00edo de comunicaciones comerciales<\/li>\n<\/ul>\n<p><strong>\u00bfQui\u00e9nes Pueden Acceder a Mis Datos Personales?<\/strong><\/p>\n<p>SMARTBUYCO S.A. \u00fanicamente compartir\u00e1 con terceros los datos personales del cliente si existe un fundamento jur\u00eddico para ello o si se ha otorgado consentimiento. Se entender\u00e1 que existe un fundamento jur\u00eddico para realizar tales comunicaciones cuando una norma jur\u00eddica obligue a la comunicaci\u00f3n o esta resulte necesaria para la prestaci\u00f3n del servicio contratado.<\/p>\n<p>Entre estos destinatarios se encontrar\u00e1n los siguientes:<\/p>\n<ul>\n<li>Entidades del sector p\u00fablico competentes y autoridades de control que tengan la facultad de solicitar informaci\u00f3n sobre sus datos, tales como la Superintendencia de Compa\u00f1\u00edas, Valores y Seguros, el Ministerio de Salud P\u00fablica, el Servicio de Rentas Internas, jueces y tribunales, la Fiscal\u00eda General del Estado, la Polic\u00eda Nacional, la Superintendencia de Protecci\u00f3n de Datos, entre otras.<\/li>\n<li>Auditores externos en cumplimiento de obligaciones contractuales y legales aplicables.<\/li>\n<\/ul>\n<p><strong>\u00bfQu\u00e9 Derechos Tengo Sobre Mis Datos Personales y C\u00f3mo Puedo Ejercerlos?<\/strong><\/p>\n<p>El cliente podr\u00e1 ejercer los siguientes derechos en relaci\u00f3n con el tratamiento de sus datos personales:<\/p>\n<ul>\n<li>El derecho de acceso a sus datos contenidos en los ficheros\/bancos\/bases de datos de SMARTBUYCO S.A.<\/li>\n<li>El derecho de rectificaci\u00f3n y actualizaci\u00f3n de aquellos datos que puedan ser incorrectos o incompletos.<\/li>\n<li>El derecho de eliminaci\u00f3n, en los casos previstos en la Ley Org\u00e1nica de Protecci\u00f3n de Datos Personales.<\/li>\n<li>El derecho de oposici\u00f3n que le permite solicitar que se cese en todos o algunos de los tratamientos, como el env\u00edo de comunicaciones comerciales, que llevamos a cabo con sus datos personales.<\/li>\n<li>El derecho a la suspensi\u00f3n del tratamiento de datos, durante un per\u00edodo de tiempo limitado y en los casos que establece la normativa vigente.<\/li>\n<li>El derecho a la portabilidad, que le permitir\u00e1 solicitar que le remitamos sus datos personales en un formato compatible, actualizado, estructurado, com\u00fan, interoperable y de lectura mec\u00e1nica, preservando sus caracter\u00edsticas, bien directamente a usted o bien a otra entidad, en su nombre, conforme a los requerimientos establecidos en la normativa vigente.<\/li>\n<li>El derecho a no ser objeto de una decisi\u00f3n basada \u00fanica o parcialmente en valoraciones automatizadas, incluida la elaboraci\u00f3n de perfiles, que produzcan efectos jur\u00eddicos en \u00e9l o que atenten contra sus derechos y libertades fundamentales.<\/li>\n<\/ul>\n<p>Asimismo, podr\u00e1 solicitar la revocaci\u00f3n del consentimiento otorgado para el tratamiento de sus datos.<\/p>\n<p>Para ejercer los indicados derechos o plantear cualquier cuesti\u00f3n relativa al tratamiento de sus datos personales, el Cliente debe dirigirse a SMARTBUYCO S.A., en Luxemburgo N34-340 y Portugal, Quito, Ecuador.<\/p>\n<p><strong>\u00bfC\u00f3mo protegen mis datos personales?<\/strong><\/p>\n<p>Debido a que SMARTBUYCO S.A. respeta su privacidad y valora su confianza, las \u00fanicas personas a las que les proveemos con acceso a sus datos personales, son aquellas que necesitan llevar a cabo otras actividades descritas en este Aviso de Protecci\u00f3n de Datos Personales. Nosotros utilizamos medidas de seguridad, t\u00e9cnicas organizativas, administrativas y jur\u00eddicas para proteger la seguridad, as\u00ed como la confidencialidad, integridad, y disponibilidad de sus datos personales. Estas medidas han sido implementadas para proteger su Informaci\u00f3n Personal contra el acceso, revelaci\u00f3n, uso y modificaci\u00f3n no autorizados y son revisadas, probadas peri\u00f3dicamente. A pesar de esto, y dado que Internet no es un entorno 100% seguro, no podemos garantizar la seguridad de cualquier informaci\u00f3n que nos proporcione, ni la seguridad absoluta de las comunicaciones hacia o desde nuestros sitios web o aplicaciones y herramientas digitales, o que los datos que sean transmitidos o almacenados en o a trav\u00e9s de ellas, est\u00e9n o estar\u00e1n totalmente seguros contra su p\u00e9rdida, mal uso o acceso no autorizado por parte de terceros.<\/p>\n<p><strong>\u00bfQui\u00e9n controla o supervisa su cumplimiento?<\/strong><\/p>\n<p>El Cliente podr\u00e1 presentar un reclamo ante la Autoridad de Protecci\u00f3n de Datos a trav\u00e9s de los medios que esta haya habilitado para el efecto.<\/p>\n<p><strong>\u00bfCu\u00e1nto tiempo conservaremos tus datos?<\/strong><\/p>\n<p>SMARTBUYCO S.A. considera distintos plazos de conservaci\u00f3n de datos personales seg\u00fan el tipo de tratamiento que se d\u00e9 a los mismos y que la norma lo regule. Los datos personales tratados se conservar\u00e1n mientras sean necesarios para la oferta o prestaci\u00f3n del servicio.<\/p>\n<p><strong>CONSENTIMIENTO LIBRE E INFORMADO<\/strong><\/p>\n<p>En cumplimiento de lo dispuesto por la Ley Org\u00e1nica de Protecci\u00f3n de Datos Personales, SMARTBUYCO S.A. le informa que tratar\u00e1 los datos personales que usted proporcione.<\/p>\n<p>Podremos recopilar o recibir sus datos a trav\u00e9s de nuestros sitios web, formularios, redes sociales o cualquier otro medio. En este sentido, usted otorga su consentimiento voluntario, libre, previo, expreso, espec\u00edfico, informado e inequ\u00edvoco a SMARTBUYCO S.A., sus subsidiarias, vinculadas, terceros, contratistas y proveedores, para que realicen el tratamiento, destino, flujo y transferencia, en cualquiera de sus modalidades, medios o soportes, de la informaci\u00f3n y los datos personales y de identificaci\u00f3n que usted haya proporcionado bajo cualquier medio o modalidad, ya sea de manera directa o indirecta, virtual o f\u00edsica, para los fines descritos en este documento.<\/p>\n<p><strong>Cookies<\/strong><\/p>\n<p>La aceptaci\u00f3n de las cookies no es un requisito para visitar la p\u00e1gina web. Sin embargo, el uso de la funcionalidad &#8220;mi carrito&#8221; en la p\u00e1gina web y la aceptaci\u00f3n de una orden solo es posible con la activaci\u00f3n de las cookies. Las cookies son peque\u00f1os archivos de texto que identifican a su computadora en nuestro servidor como un usuario \u00fanico. Las cookies se pueden utilizar para reconocer su direcci\u00f3n de protocolo de Internet, lo que le ahorrar\u00e1 tiempo mientras est\u00e9 en la p\u00e1gina web o si desea acceder a ella en el futuro. Su navegador puede configurarse para no aceptar cookies, pero esto podr\u00eda restringir su uso de la p\u00e1gina web y limitar su experiencia en la misma. El uso de cookies no contiene ni afecta datos de car\u00e1cter personal o privado y no representa un peligro de virus.<\/p>\n<p><strong>Uso de la p\u00e1gina web y medios de pago<\/strong><\/p>\n<p>El usuario podr\u00e1 acceder y realizar compras en la p\u00e1gina web una vez que haya cumplido lo establecido en los p\u00e1rrafos anteriores de este documento, dentro de los t\u00e9rminos y condiciones vigentes a la fecha de la compra. Al momento de realizar el pago por un producto para que este sea enviado al usuario, SMARTBUYCO S.A. solicitar\u00e1 la informaci\u00f3n necesaria para cumplir con el env\u00edo del producto y pondr\u00e1 a disposici\u00f3n del usuario los medios de pago disponibles para la compra. Por seguridad del usuario, SMARTBUYCO S.A. requiere la informaci\u00f3n de tarjetas de cr\u00e9dito o d\u00e9bito para cada compra y no almacena este tipo de informaci\u00f3n, por lo que no se hace responsable de cualquier infracci\u00f3n o violaci\u00f3n de la informaci\u00f3n del usuario por parte de terceros. En caso de que el usuario no haya realizado el pedido del producto y la instituci\u00f3n financiera haya autorizado la compra, el usuario deber\u00e1 notificar inmediatamente a SMARTBUYCO S.A. para que no realice la entrega del producto. Si la compra ya fue pagada a trav\u00e9s de una tarjeta de cr\u00e9dito\/d\u00e9bito y SMARTBUYCO S.A. no fue notificada de ninguna irregularidad en el uso de dicho medio de pago, SMARTBUYCO S.A. entregar\u00e1 el producto y no ser\u00e1 responsable por el mal uso del medio de pago. Cualquier reclamo referente a esto deber\u00e1 realizarse directamente al banco emisor.<\/p>\n<p><strong>Seguridad<\/strong><\/p>\n<p>Se han implementado medidas t\u00e9cnicas y de seguridad para evitar el acceso no autorizado o ilegal, as\u00ed como la p\u00e9rdida accidental, destrucci\u00f3n o da\u00f1o de la informaci\u00f3n del usuario. Cuando se recogen datos personales a trav\u00e9s de la p\u00e1gina web, se hace en un servidor seguro. Cuando se recopila informaci\u00f3n de tarjetas de pago electr\u00f3nico, se utilizan sistemas de cifrado Secure Socket Layer (SSL) que codifican la informaci\u00f3n para evitar usos fraudulentos. Aunque no es posible garantizar un resultado infalible, estos sistemas han demostrado ser efectivos en el manejo de informaci\u00f3n reservada y cuentan con mecanismos que impiden el acceso de amenazas externas (e.g., hackers). Se recomienda no enviar todos los detalles de tarjetas de cr\u00e9dito o d\u00e9bito sin cifrar las comunicaciones electr\u00f3nicas con nosotros. Se mantienen salvaguardias f\u00edsicas, electr\u00f3nicas y de procedimiento en relaci\u00f3n con la recolecci\u00f3n, almacenamiento y divulgaci\u00f3n de la informaci\u00f3n del usuario. Los procedimientos de seguridad exigen que en ocasiones se pueda solicitar al usuario una prueba de identidad antes de revelar informaci\u00f3n personal. El usuario debe tener en cuenta que es el \u00fanico responsable de la protecci\u00f3n contra el acceso no autorizado a sus datos privados y\/o vulnerables.<\/p>\n<p><strong>Terceros y enlaces<\/strong><\/p>\n<p>SMARTBUYCO S.A. podr\u00e1 transferir y\/o transmitir los datos personales sujetos a tratamiento a compa\u00f1\u00edas que formen parte de su grupo empresarial, es decir, a compa\u00f1\u00edas matrices, filiales o subsidiarias. Tambi\u00e9n se podr\u00e1 proporcionar su informaci\u00f3n a nuestros agentes y subcontratistas para que nos asistan con cualquiera de nuestras funciones. Por ejemplo, se podr\u00e1 utilizar a terceros para que nos ayuden con la promoci\u00f3n de productos, recabar sus pagos, enviar productos o tercerizar nuestros sistemas de servicio al cliente. Se podr\u00e1 intercambiar informaci\u00f3n con terceros con el objetivo de protecci\u00f3n contra el fraude y la reducci\u00f3n de riesgo de cr\u00e9dito. Se podr\u00e1 transferir las bases de datos que contienen la informaci\u00f3n personal de usuario si se vende la empresa o una parte de esta.<\/p>\n<p>Teniendo en cuenta lo anterior, los datos personales ser\u00e1n utilizados por SMARTBUYCO S.A. para:<\/p>\n<p>a) Proveer servicios y productos requeridos.<\/p>\n<p>b) Informar sobre nuevos productos o servicios que est\u00e9n relacionados o no con los contratados o adquiridos por el usuario.<\/p>\n<p>c) Dar cumplimiento a las obligaciones contra\u00eddas con el usuario.<\/p>\n<p>d) Informar sobre cambios en productos o servicios.<\/p>\n<p>e) Evaluar la calidad de productos o servicios.<\/p>\n<p>f) Desarrollar actividades de mercadeo o promocionales.<\/p>\n<p>g) Enviar al correo f\u00edsico, electr\u00f3nico, celular o dispositivo m\u00f3vil, \u2013v\u00eda mensajes de texto (SMS y\/o MMS)\u2013 informaci\u00f3n comercial, publicitaria o promocional sobre los productos y\/o servicios, eventos y\/o promociones de tipo comercial o no, con el fin de impulsar, invitar, dirigir, ejecutar, informar y, de manera general, llevar a cabo campa\u00f1as, promociones o concursos de car\u00e1cter comercial o publicitario.<\/p>\n<p>h) Compartir, incluyendo la transferencia y transmisi\u00f3n de datos personales a terceros, para fines relacionados con la operaci\u00f3n de SMARTBUYCO S.A.<\/p>\n<p>i) Realizar estudios internos sobre el cumplimiento de las relaciones comerciales y estudios de mercado a todo nivel.<\/p>\n<p>j) Responder a requerimientos legales de entidades administrativas y judiciales.<\/p>\t\t\t\t\t\t\t\t<\/div>\n\t\t\t\t<\/div>\n\t\t\t\t\t<\/div>\n\t\t\t\t<\/div>\n\t\t\t\t<\/div>","protected":false},"excerpt":{"rendered":"<p>POL\u00cdTICA DE PRIVACIDAD SMARTBUY T\u00e9rminos y Condiciones El presente documento contiene el acuerdo de los T\u00e9rminos y Condiciones aplicables para todas las personas naturales o jur\u00eddicas, nacionales o extranjeras que accedan y utilicen los servicios prestados por SMARTBUYCO S.A. o que hagan uso de su p\u00e1gina web: www.smartbuyecuador.com. Condiciones Generales Todo uso, acceso y transacciones [&hellip;]<\/p>","protected":false},"author":1,"featured_media":0,"parent":0,"menu_order":0,"comment_status":"closed","ping_status":"closed","template":"","meta":{"_joinchat":[],"footnotes":""},"class_list":["post-3","page","type-page","status-publish","hentry"],"aioseo_notices":[],"_links":{"self":[{"href":"https:\/\/tostonhousemiami.com\/en\/wp-json\/wp\/v2\/pages\/3","targetHints":{"allow":["GET"]}}],"collection":[{"href":"https:\/\/tostonhousemiami.com\/en\/wp-json\/wp\/v2\/pages"}],"about":[{"href":"https:\/\/tostonhousemiami.com\/en\/wp-json\/wp\/v2\/types\/page"}],"author":[{"embeddable":true,"href":"https:\/\/tostonhousemiami.com\/en\/wp-json\/wp\/v2\/users\/1"}],"replies":[{"embeddable":true,"href":"https:\/\/tostonhousemiami.com\/en\/wp-json\/wp\/v2\/comments?post=3"}],"version-history":[{"count":4,"href":"https:\/\/tostonhousemiami.com\/en\/wp-json\/wp\/v2\/pages\/3\/revisions"}],"predecessor-version":[{"id":2930,"href":"https:\/\/tostonhousemiami.com\/en\/wp-json\/wp\/v2\/pages\/3\/revisions\/2930"}],"wp:attachment":[{"href":"https:\/\/tostonhousemiami.com\/en\/wp-json\/wp\/v2\/media?parent=3"}],"curies":[{"name":"wp","href":"https:\/\/api.w.org\/{rel}","templated":true}]}}