{"id":2920,"date":"2025-03-23T19:21:15","date_gmt":"2025-03-24T00:21:15","guid":{"rendered":"https:\/\/tostonhousemiami.com\/?page_id=2920"},"modified":"2025-03-23T19:22:11","modified_gmt":"2025-03-24T00:22:11","slug":"politica-de-envio","status":"publish","type":"page","link":"https:\/\/tostonhousemiami.com\/en\/politica-de-envio\/","title":{"rendered":"Politica de env\u00edo"},"content":{"rendered":"<div data-elementor-type=\"wp-page\" data-elementor-id=\"2920\" class=\"elementor elementor-2920\" data-elementor-post-type=\"page\">\n\t\t\t\t<div class=\"elementor-element elementor-element-4f1b26a4 e-flex e-con-boxed e-con e-parent\" data-id=\"4f1b26a4\" data-element_type=\"container\">\n\t\t\t\t\t<div class=\"e-con-inner\">\n\t\t\t\t<div class=\"elementor-element elementor-element-36bf3313 elementor-widget elementor-widget-text-editor\" data-id=\"36bf3313\" data-element_type=\"widget\" data-widget_type=\"text-editor.default\">\n\t\t\t\t<div class=\"elementor-widget-container\">\n\t\t\t\t\t\t\t\t\t<p data-mce-fragment=\"1\" class=\"p1\"><b data-mce-fragment=\"1\">Pol\u00edticas de env\u00edo y entrega<\/b><\/p>\n<p data-mce-fragment=\"1\" class=\"p1\">El env\u00edo se realiza por medio de Courier (Servientrega, Tramaco Express o Globalexs).&nbsp;<\/p>\n<p data-mce-fragment=\"1\" class=\"p1\">En caso de que el pago sea realizado por medio de PayPal o con Tarjeta de Cr\u00e9dito, el env\u00edo se realizar\u00e1 a la direcci\u00f3n registrada por el tarjetahabiente en el banco emisor de la tarjeta.<\/p>\n<p data-mce-fragment=\"1\" class=\"p1\">&nbsp;Para pagos en efectivo, dep\u00f3sito o transferencia se deber\u00e1 contactar con un asesor a los n\u00fameros: 098 922 3096 \/ 099 370 5389 \/ 096 279 9073, el asesor tomar\u00e1 los datos de env\u00edo.<\/p>\n<p data-mce-fragment=\"1\" class=\"p1\">Una vez ya est\u00e9 enviado y en camino a la direcci\u00f3n especificada, el usuario recibir\u00e1 una gu\u00eda con un n\u00famero de seguimiento del pedido.<\/p>\n<p data-mce-fragment=\"1\" class=\"p1\">El env\u00edo tarda de 1 a 5 d\u00edas h\u00e1biles en llegar desde que se realiza la compra y se confirma el pago.<\/p>\n<p data-mce-fragment=\"1\" class=\"p1\">Costos:<\/p>\n<p data-mce-fragment=\"1\" class=\"p2\"><span data-mce-fragment=\"1\" class=\"s1\">\u00b7<\/span><span data-mce-fragment=\"1\" class=\"s2\"> &nbsp; <span data-mce-fragment=\"1\" class=\"Apple-tab-span\"> <\/span><\/span>Env\u00edo dentro de la ciudad de <b data-mce-fragment=\"1\">Quito<\/b>, desde el Condado Shopping al norte, hasta el Quicentro Sur al sur, tiene un costo de $5.<\/p>\n<p data-mce-fragment=\"1\" class=\"p2\"><span data-mce-fragment=\"1\" class=\"s1\">\u00b7<\/span><span data-mce-fragment=\"1\" class=\"s2\"> &nbsp; <span data-mce-fragment=\"1\" class=\"Apple-tab-span\"> <\/span><\/span>Distancia adicional de hasta 10Km (Ejemplo: Carcel\u00e9n, Chillogallo) tiene un costo de $3 <b data-mce-fragment=\"1\">adicionales<\/b>.<\/p>\n<p data-mce-fragment=\"1\" class=\"p2\"><span data-mce-fragment=\"1\" class=\"s1\">\u00b7<\/span><span data-mce-fragment=\"1\" class=\"s2\"> &nbsp; <span data-mce-fragment=\"1\" class=\"Apple-tab-span\"> <\/span><\/span>Distancia adicional de m\u00e1s de 10Km (Ejemplo: Cumbay\u00e1, Llano Grande, Carapungo, Pomasqui) tiene un costo de $5 <b data-mce-fragment=\"1\">adicionales<\/b>.<\/p>\n<p data-mce-fragment=\"1\" class=\"p2\"><span data-mce-fragment=\"1\" class=\"s1\">\u00b7<\/span><span data-mce-fragment=\"1\" class=\"s2\"> &nbsp; <span data-mce-fragment=\"1\" class=\"Apple-tab-span\"> <\/span><\/span>Env\u00edos a <b data-mce-fragment=\"1\">Provincia<\/b> tienen un costo de $5.<\/p>\n<p data-mce-fragment=\"1\" class=\"p1\">La entrega se la hace a la direcci\u00f3n establecida previamente y \u00fanicamente a la persona a nombre de quien se realiz\u00f3 el env\u00edo.<\/p>\n<p data-mce-fragment=\"1\" class=\"p1\">En caso de que la persona no se encuentre en la direcci\u00f3n establecida, el Courier se comunicar\u00e1 con la misma para su posterior entrega. Si esta nueva entrega tiene un costo adicional, este ser\u00e1 asumido por el cliente.<\/p>\n<p data-mce-fragment=\"1\" class=\"p1\">El producto ser\u00e1 enviado con su nota de garant\u00eda respectiva (en caso de equipos electr\u00f3nicos) y con su comprobante de venta, la factura es electr\u00f3nica.<\/p>\n<p data-mce-fragment=\"1\" class=\"p1\">Todos nuestros productos cumplen un estricto control de sanitizaci\u00f3n previos a ser enviados. La seguridad del usuario siempre es lo m\u00e1s importante para SmartBuy.<\/p>\t\t\t\t\t\t\t\t<\/div>\n\t\t\t\t<\/div>\n\t\t\t\t\t<\/div>\n\t\t\t\t<\/div>\n\t\t\t\t<\/div>","protected":false},"excerpt":{"rendered":"<p>Pol\u00edticas de env\u00edo y entrega El env\u00edo se realiza por medio de Courier (Servientrega, Tramaco Express o Globalexs).&nbsp; En caso de que el pago sea realizado por medio de PayPal o con Tarjeta de Cr\u00e9dito, el env\u00edo se realizar\u00e1 a la direcci\u00f3n registrada por el tarjetahabiente en el banco emisor de la tarjeta. &nbsp;Para pagos [&hellip;]<\/p>","protected":false},"author":1,"featured_media":0,"parent":0,"menu_order":0,"comment_status":"closed","ping_status":"closed","template":"elementor_header_footer","meta":{"_joinchat":[],"footnotes":""},"class_list":["post-2920","page","type-page","status-publish","hentry"],"aioseo_notices":[],"_links":{"self":[{"href":"https:\/\/tostonhousemiami.com\/en\/wp-json\/wp\/v2\/pages\/2920","targetHints":{"allow":["GET"]}}],"collection":[{"href":"https:\/\/tostonhousemiami.com\/en\/wp-json\/wp\/v2\/pages"}],"about":[{"href":"https:\/\/tostonhousemiami.com\/en\/wp-json\/wp\/v2\/types\/page"}],"author":[{"embeddable":true,"href":"https:\/\/tostonhousemiami.com\/en\/wp-json\/wp\/v2\/users\/1"}],"replies":[{"embeddable":true,"href":"https:\/\/tostonhousemiami.com\/en\/wp-json\/wp\/v2\/comments?post=2920"}],"version-history":[{"count":4,"href":"https:\/\/tostonhousemiami.com\/en\/wp-json\/wp\/v2\/pages\/2920\/revisions"}],"predecessor-version":[{"id":2927,"href":"https:\/\/tostonhousemiami.com\/en\/wp-json\/wp\/v2\/pages\/2920\/revisions\/2927"}],"wp:attachment":[{"href":"https:\/\/tostonhousemiami.com\/en\/wp-json\/wp\/v2\/media?parent=2920"}],"curies":[{"name":"wp","href":"https:\/\/api.w.org\/{rel}","templated":true}]}}